{"id":14,"date":"2015-11-27T09:00:46","date_gmt":"2015-11-27T08:00:46","guid":{"rendered":"http:\/\/test.tomtebobarnen.se\/?page_id=14"},"modified":"2020-09-21T16:32:06","modified_gmt":"2020-09-21T14:32:06","slug":"ansokan","status":"publish","type":"page","link":"https:\/\/www.tomtebobarnen.se\/index.php\/ansokan\/","title":{"rendered":"Ans\u00f6kan"},"content":{"rendered":"<p>\u00c4r ni intresserade av en f\u00f6rskoleplats p\u00e5 Montessorif\u00f6rskolan Tomtebobarnen? V\u00e4nligen fyll i formul\u00e4ret nedan s\u00e5 h\u00f6r v\u00e5r intagningsansvarig av sig till er.<\/p>\n<p>N\u00e4r ni registrerar era barn hos oss s\u00e5 godk\u00e4nner ni att vi hanterar era uppgifter enligt dataskyddsf\u00f6rordningen.<\/p>\n<div role=\"form\" class=\"wpcf7\" id=\"wpcf7-f8-o1\" lang=\"sv-SE\" dir=\"ltr\">\n<div class=\"screen-reader-response\"><p role=\"status\" aria-live=\"polite\" aria-atomic=\"true\"><\/p> <ul><\/ul><\/div>\n<form action=\"\/index.php\/wp-json\/wp\/v2\/pages\/14#wpcf7-f8-o1\" method=\"post\" class=\"wpcf7-form init\" novalidate=\"novalidate\" data-status=\"init\">\n<div style=\"display: none;\">\n<input type=\"hidden\" name=\"_wpcf7\" value=\"8\" \/>\n<input type=\"hidden\" name=\"_wpcf7_version\" value=\"5.5.6\" \/>\n<input type=\"hidden\" name=\"_wpcf7_locale\" value=\"sv_SE\" \/>\n<input type=\"hidden\" name=\"_wpcf7_unit_tag\" value=\"wpcf7-f8-o1\" \/>\n<input type=\"hidden\" name=\"_wpcf7_container_post\" value=\"0\" \/>\n<input type=\"hidden\" name=\"_wpcf7_posted_data_hash\" value=\"\" \/>\n<input type=\"hidden\" name=\"_wpcf7_recaptcha_response\" value=\"\" \/>\n<\/div>\n<p>Ditt namn (obligatorisk)<br \/>\n    <span class=\"wpcf7-form-control-wrap ditt-name\"><input type=\"text\" name=\"ditt-name\" value=\"\" size=\"40\" class=\"wpcf7-form-control wpcf7-text wpcf7-validates-as-required\" aria-required=\"true\" aria-invalid=\"false\" \/><\/span> <\/p>\n<p>Din epost (obligatorisk)<br \/>\n    <span class=\"wpcf7-form-control-wrap din-email\"><input type=\"email\" name=\"din-email\" value=\"\" size=\"40\" class=\"wpcf7-form-control wpcf7-text wpcf7-email wpcf7-validates-as-required wpcf7-validates-as-email\" aria-required=\"true\" aria-invalid=\"false\" \/><\/span> <\/p>\n<p>Barnets namn (obligatorisk)<br \/>\n    <span class=\"wpcf7-form-control-wrap barn-name\"><input type=\"text\" name=\"barn-name\" value=\"\" size=\"40\" class=\"wpcf7-form-control wpcf7-text wpcf7-validates-as-required\" aria-required=\"true\" aria-invalid=\"false\" \/><\/span> <\/p>\n<p>Barnets personnummer (obligatorisk)<br \/>\n    <span class=\"wpcf7-form-control-wrap barn-pnr\"><input type=\"text\" name=\"barn-pnr\" value=\"\" size=\"40\" class=\"wpcf7-form-control wpcf7-text wpcf7-validates-as-required\" aria-required=\"true\" aria-invalid=\"false\" \/><\/span> <\/p>\n<p>Till vilket \u00e5r (i.e. \u00f6nskad start) g\u00e4ller ans\u00f6kan (obligatorisk)<br \/>\n    <span class=\"wpcf7-form-control-wrap barn-start\"><input type=\"text\" name=\"barn-start\" value=\"\" size=\"40\" class=\"wpcf7-form-control wpcf7-text wpcf7-validates-as-required\" aria-required=\"true\" aria-invalid=\"false\" \/><\/span> <\/p>\n<p>Eran adress<br \/>\n    <span class=\"wpcf7-form-control-wrap eran-adress\"><textarea name=\"eran-adress\" cols=\"40\" rows=\"10\" class=\"wpcf7-form-control wpcf7-textarea\" aria-invalid=\"false\"><\/textarea><\/span> <\/p>\n<p>Telefonnummer<br \/>\n    <span class=\"wpcf7-form-control-wrap eran-tele\"><input type=\"text\" name=\"eran-tele\" value=\"\" size=\"40\" class=\"wpcf7-form-control wpcf7-text\" aria-invalid=\"false\" \/><\/span> <\/p>\n<p>\u00d6vrig info T.ex hur hittade du oss? etc.<br \/>\n    <span class=\"wpcf7-form-control-wrap ovrigt\"><textarea name=\"ovrigt\" cols=\"40\" rows=\"10\" class=\"wpcf7-form-control wpcf7-textarea\" aria-invalid=\"false\"><\/textarea><\/span> <\/p>\n<p><input type=\"submit\" value=\"Skicka\" class=\"wpcf7-form-control has-spinner wpcf7-submit\" \/><\/p>\n<div class=\"wpcf7-response-output\" aria-hidden=\"true\"><\/div><\/form><\/div>\n<p>Genom att klicka p\u00e5 <strong>SKICKA<\/strong> s\u00e5 ger du ditt samtycke till att Tomtebobarnens f\u00f6rskola hanterar era och ert barns personuppgifter.<\/p>\n<p>Om formul\u00e4ret av n\u00e5gon anledning inte fungerar, kontakta <a href=\"mailto:webmaster@tomtebobarnen.se\">webmaster@tomtebobarnen.se<\/a><\/p>\n<p>&nbsp;<\/p>\n","protected":false},"excerpt":{"rendered":"<p>\u00c4r ni intresserade av en f\u00f6rskoleplats p\u00e5 Montessorif\u00f6rskolan Tomtebobarnen? V\u00e4nligen fyll i formul\u00e4ret nedan s\u00e5 h\u00f6r v\u00e5r intagningsansvarig av sig till er. [&hellip;]<\/p>\n","protected":false},"author":1,"featured_media":0,"parent":0,"menu_order":0,"comment_status":"closed","ping_status":"closed","template":"page-templates\/page_fullwidth.php","meta":{"footnotes":""},"_links":{"self":[{"href":"https:\/\/www.tomtebobarnen.se\/index.php\/wp-json\/wp\/v2\/pages\/14"}],"collection":[{"href":"https:\/\/www.tomtebobarnen.se\/index.php\/wp-json\/wp\/v2\/pages"}],"about":[{"href":"https:\/\/www.tomtebobarnen.se\/index.php\/wp-json\/wp\/v2\/types\/page"}],"author":[{"embeddable":true,"href":"https:\/\/www.tomtebobarnen.se\/index.php\/wp-json\/wp\/v2\/users\/1"}],"replies":[{"embeddable":true,"href":"https:\/\/www.tomtebobarnen.se\/index.php\/wp-json\/wp\/v2\/comments?post=14"}],"version-history":[{"count":8,"href":"https:\/\/www.tomtebobarnen.se\/index.php\/wp-json\/wp\/v2\/pages\/14\/revisions"}],"predecessor-version":[{"id":407,"href":"https:\/\/www.tomtebobarnen.se\/index.php\/wp-json\/wp\/v2\/pages\/14\/revisions\/407"}],"wp:attachment":[{"href":"https:\/\/www.tomtebobarnen.se\/index.php\/wp-json\/wp\/v2\/media?parent=14"}],"curies":[{"name":"wp","href":"https:\/\/api.w.org\/{rel}","templated":true}]}}