{"id":28,"date":"2015-11-27T21:57:43","date_gmt":"2015-11-27T20:57:43","guid":{"rendered":"http:\/\/test.tomtebobarnen.se\/?page_id=28"},"modified":"2020-09-22T09:02:28","modified_gmt":"2020-09-22T07:02:28","slug":"kontakt","status":"publish","type":"page","link":"https:\/\/www.tomtebobarnen.se\/index.php\/kontakt\/","title":{"rendered":"Kontakt"},"content":{"rendered":"<p>Har ni en fr\u00e5ga ang\u00e5ende Montessorif\u00f6rskolan Tomtebobarnen h\u00f6r av er till v\u00e5r rektor via formul\u00e4ret nedan.<\/p>\n<p>Vill ni ans\u00f6ka om f\u00f6rskoleplats hos oss? Anv\u00e4nd i f\u00f6rsta hand v\u00e5rat ans\u00f6kningsformul\u00e4r som ni finner <a href=\"https:\/\/www.tomtebobarnen.se\/index.php\/ansokan\/\">h\u00e4r<\/a>.<\/p>\n<div role=\"form\" class=\"wpcf7\" id=\"wpcf7-f408-o1\" lang=\"sv-SE\" dir=\"ltr\">\n<div class=\"screen-reader-response\"><p role=\"status\" aria-live=\"polite\" aria-atomic=\"true\"><\/p> <ul><\/ul><\/div>\n<form action=\"\/index.php\/wp-json\/wp\/v2\/pages\/28#wpcf7-f408-o1\" method=\"post\" class=\"wpcf7-form init\" novalidate=\"novalidate\" data-status=\"init\">\n<div style=\"display: none;\">\n<input type=\"hidden\" name=\"_wpcf7\" value=\"408\" \/>\n<input type=\"hidden\" name=\"_wpcf7_version\" value=\"5.5.6\" \/>\n<input type=\"hidden\" name=\"_wpcf7_locale\" value=\"sv_SE\" \/>\n<input type=\"hidden\" name=\"_wpcf7_unit_tag\" value=\"wpcf7-f408-o1\" \/>\n<input type=\"hidden\" name=\"_wpcf7_container_post\" value=\"0\" \/>\n<input type=\"hidden\" name=\"_wpcf7_posted_data_hash\" value=\"\" \/>\n<input type=\"hidden\" name=\"_wpcf7_recaptcha_response\" value=\"\" \/>\n<\/div>\n<p><label> Ditt namn (obligatorisk)<br \/>\n    <span class=\"wpcf7-form-control-wrap your-name\"><input type=\"text\" name=\"your-name\" value=\"\" size=\"40\" class=\"wpcf7-form-control wpcf7-text wpcf7-validates-as-required\" aria-required=\"true\" aria-invalid=\"false\" \/><\/span> <\/label><\/p>\n<p><label> Din e-post (obligatorisk)<br \/>\n    <span class=\"wpcf7-form-control-wrap your-email\"><input type=\"email\" name=\"your-email\" value=\"\" size=\"40\" class=\"wpcf7-form-control wpcf7-text wpcf7-email wpcf7-validates-as-required wpcf7-validates-as-email\" aria-required=\"true\" aria-invalid=\"false\" \/><\/span> <\/label><\/p>\n<p><label> Ditt telefonnummer<br \/>\n    <span class=\"wpcf7-form-control-wrap tel-631\"><input type=\"tel\" name=\"tel-631\" value=\"\" size=\"40\" class=\"wpcf7-form-control wpcf7-text wpcf7-tel wpcf7-validates-as-tel\" aria-invalid=\"false\" \/><\/span> <\/label><\/p>\n<p><label> Ditt meddelande (obligatorisk)<br \/>\n    <span class=\"wpcf7-form-control-wrap your-message\"><textarea name=\"your-message\" cols=\"40\" rows=\"10\" class=\"wpcf7-form-control wpcf7-textarea wpcf7-validates-as-required\" aria-required=\"true\" aria-invalid=\"false\"><\/textarea><\/span> <\/label><\/p>\n<p>Pga o\u00f6nskad epost beh\u00f6ver svaret p\u00e5 fr\u00e5gan nedan fyllas i.<br \/>\n<span class=\"wpcf7-form-control-wrap math-quiz\"><label><span class=\"wpcf7-quiz-label\">13+37=?<\/span> <input type=\"text\" name=\"math-quiz\" size=\"40\" class=\"wpcf7-form-control wpcf7-quiz\" autocomplete=\"off\" aria-required=\"true\" aria-invalid=\"false\" \/><\/label><input type=\"hidden\" name=\"_wpcf7_quiz_answer_math-quiz\" value=\"d543594e46e4e08ff779f6e1b096974d\" \/><\/span><br \/>\n<span id=\"wpcf7-69f4b54a6d913-wrapper\" class=\"wpcf7-form-control-wrap website-714-wrap\" ><label for=\"wpcf7-69f4b54a6d913-field\" class=\"hp-message\">L\u00e4mna detta f\u00e4lt tomt.<\/label><input id=\"wpcf7-69f4b54a6d913-field\"  class=\"wpcf7-form-control wpcf7-text\" type=\"text\" name=\"website-714\" value=\"\" size=\"40\" tabindex=\"-1\" autocomplete=\"new-password\" \/><\/span><\/p>\n<p><input type=\"submit\" value=\"Skicka\" class=\"wpcf7-form-control has-spinner wpcf7-submit\" \/><\/p>\n<div class=\"wpcf7-response-output\" aria-hidden=\"true\"><\/div><\/form><\/div>\n<p>&nbsp;<\/p>\n<h4>Var finns vi?<\/h4>\n<p>Montessorif\u00f6rskolan Tomtebobarnen ligger p\u00e5 Buk\u00e4rrs\u00e4ng i S\u00e4r\u00f6. Se \u00e4ven karta l\u00e4ngre ner p\u00e5 sidan.<\/p>\n<p>Montessorif\u00f6rskolan Tomtebobarnen<br \/>\nV\u00e4stra S\u00e4r\u00f6v\u00e4gen 33<br \/>\n429 42 S\u00c4R\u00d6<\/p>\n<p><iframe loading=\"lazy\" style=\"border: 0;\" src=\"https:\/\/www.google.com\/maps\/embed?pb=!1m18!1m12!1m3!1d2142.571086382512!2d11.954659416064192!3d57.51969366180888!2m3!1f0!2f0!3f0!3m2!1i1024!2i768!4f13.1!3m3!1m2!1s0x464febefe541f0fd%3A0xcc2e4eb0c6f9dd07!2sF%C3%B6r%C3%A4ldrakooperativet+Tomtebobarnen!5e0!3m2!1ssv!2sse!4v1449052412824\" width=\"600\" height=\"450\" frameborder=\"0\" allowfullscreen=\"allowfullscreen\"><\/iframe><\/p>\n","protected":false},"excerpt":{"rendered":"<p>Har ni en fr\u00e5ga ang\u00e5ende Montessorif\u00f6rskolan Tomtebobarnen h\u00f6r av er till v\u00e5r rektor via formul\u00e4ret nedan. Vill ni ans\u00f6ka om f\u00f6rskoleplats hos [&hellip;]<\/p>\n","protected":false},"author":1,"featured_media":0,"parent":0,"menu_order":0,"comment_status":"closed","ping_status":"closed","template":"page-templates\/page_fullwidth.php","meta":{"footnotes":""},"_links":{"self":[{"href":"https:\/\/www.tomtebobarnen.se\/index.php\/wp-json\/wp\/v2\/pages\/28"}],"collection":[{"href":"https:\/\/www.tomtebobarnen.se\/index.php\/wp-json\/wp\/v2\/pages"}],"about":[{"href":"https:\/\/www.tomtebobarnen.se\/index.php\/wp-json\/wp\/v2\/types\/page"}],"author":[{"embeddable":true,"href":"https:\/\/www.tomtebobarnen.se\/index.php\/wp-json\/wp\/v2\/users\/1"}],"replies":[{"embeddable":true,"href":"https:\/\/www.tomtebobarnen.se\/index.php\/wp-json\/wp\/v2\/comments?post=28"}],"version-history":[{"count":10,"href":"https:\/\/www.tomtebobarnen.se\/index.php\/wp-json\/wp\/v2\/pages\/28\/revisions"}],"predecessor-version":[{"id":412,"href":"https:\/\/www.tomtebobarnen.se\/index.php\/wp-json\/wp\/v2\/pages\/28\/revisions\/412"}],"wp:attachment":[{"href":"https:\/\/www.tomtebobarnen.se\/index.php\/wp-json\/wp\/v2\/media?parent=28"}],"curies":[{"name":"wp","href":"https:\/\/api.w.org\/{rel}","templated":true}]}}