{"id":404,"date":"2020-09-21T16:20:33","date_gmt":"2020-09-21T14:20:33","guid":{"rendered":"http:\/\/www.tomtebobarnen.se\/?page_id=404"},"modified":"2021-11-02T07:57:27","modified_gmt":"2021-11-02T06:57:27","slug":"foraldrakooperativ","status":"publish","type":"page","link":"https:\/\/www.tomtebobarnen.se\/index.php\/foraldrakooperativ\/","title":{"rendered":"F\u00f6r\u00e4ldrakooperativ"},"content":{"rendered":"<p>Vi gillar att vara en del av v\u00e5ra barns vardag p\u00e5 f\u00f6rskolan!<\/p>\n<h4>Varf\u00f6r v\u00e4lja Montessorif\u00f6rskolan Tomtebobarnen?<\/h4>\n<ul>\n<li>Relationsbyggande: vi bygger starka relationer till b\u00e5de v\u00e5ra barn, pedagoger och andra familjer p\u00e5 f\u00f6rskolan<\/li>\n<li>Fadderskap: Alla nya familjer f\u00e5r en fadderfamilj f\u00f6r att komma in i gemenskapen<\/li>\n<li>M\u00f6jlighet att p\u00e5verka: genom att vara n\u00e4ra till beslutsfattande<\/li>\n<li>Frihet och kreativitet: genom m\u00f6jligheten att utveckla verksamheten tillsammans<\/li>\n<li>Transparens: insyn i verksamheten och d\u00e4rigenom ditt barns vardag<\/li>\n<li>Dialog: vi anv\u00e4nder oss av f\u00f6rskoleappen TYRA. TYRA \u00e4r ett pedagogiskt hj\u00e4lpmedel d\u00e4r pedagogerna f\u00f6r digital kontakt med f\u00f6r\u00e4ldrarna. Man f\u00e5r f\u00f6lja sitt\/sina barn via avdelningens blogg, barnets utveckling och l\u00e4rande via en privat portfolio och \u00f6vriga dokument fr\u00e5n f\u00f6rskolan. F\u00f6r\u00e4ldrarna f\u00e5r sj\u00e4lva l\u00e4gga in barnets schema i TYRA-appen terminsvis s\u00e5 att verksamheten p\u00e5 b\u00e4sta s\u00e4tt kan l\u00e4gga personalens schema utefter barnantalet och dess behov.<br \/>\nSjukanm\u00e4lningar sker \u00e4ven i Tyra-appen.<\/li>\n<li>Syskonf\u00f6rtur: F\u00f6r framtida syskon till\u00e4mpar vi syskonf\u00f6rtur, se mer nedan.<\/li>\n<li>Integritet: Montessorif\u00f6rskolan Tomtebobarnen f\u00f6ljer barnkonventionen och arbetar aktivt f\u00f6r att st\u00e4rka och visa respekt f\u00f6r barnens integritet.<\/li>\n<li>Kvalit\u00e9: genom f\u00f6r\u00e4ldrarnas engagemang kan vi s\u00e4kerst\u00e4lla att v\u00e5ra barn f\u00e5r det allra b\u00e4sta\n<ul>\n<li>V\u00e5r kompetenta personal<\/li>\n<li>Personalt\u00e4thet<\/li>\n<li>Inspirerande milj\u00f6er<\/li>\n<\/ul>\n<\/li>\n<\/ul>\n<h4>Vad f\u00f6rv\u00e4ntas av dig som f\u00f6r\u00e4lder?<\/h4>\n<p>Du f\u00f6rv\u00e4ntas att vara delaktig och bidra till den goda st\u00e4mning vi har p\u00e5 Montessorif\u00f6rskolan Tomtebobarnen.<\/p>\n<p>P\u00e5 Montessorif\u00f6rskolan Tomtebobarnen tj\u00e4nstg\u00f6r inga f\u00f6r\u00e4ldrar i verksamheten, men vi ser Tomtebobarnen som en m\u00f6tesplats med f\u00f6r\u00e4ldraengagemang d\u00e4r vi tillsammans skapar delaktighet och relationer. Vi f\u00f6r\u00e4ldrar ett gemensamt ansvar f\u00f6r den \u00f6vergripande verksamheten. Alla f\u00f6r\u00e4ldrar tilldelas en arbetsroll s\u00e5 som plats i k\u00f6ksst\u00e4dsgruppen, snickargruppen, bokf\u00f6ring, festgruppen och n\u00e5gon g\u00e5ng under ditt barns tid p\u00e5 f\u00f6rskolan f\u00f6rv\u00e4ntas du att ha en mer tidskr\u00e4vande roll som exempelvis plats i styrelsen.<\/p>\n<p>Den l\u00f6pande st\u00e4dningen sk\u00f6ts av inhyrd personal d\u00e4remot ska en deltagare fr\u00e5n varje familj vara med vid en st\u00e4ddag per termin (f\u00f6rl\u00e4ggs oftast p\u00e5 f\u00f6rmiddag en helgdag).<\/p>\n<p>P\u00e5 f\u00f6rskolan har vi ett rullande tv\u00e4ttschema d\u00e4r varje familj cirka en g\u00e5ng per termin f\u00e5r med sig filtar och \u00f6rngott fr\u00e5n den lilla avdelningen som ska tv\u00e4ttas och l\u00e4mnas tillbaka till f\u00f6rskolan.<\/p>\n<p>Medlemsm\u00f6ten \u00e4ger rum tv\u00e5 g\u00e5nger per termin d\u00e4r minst en f\u00f6r\u00e4lder fr\u00e5n varje familj ska n\u00e4rvara.<\/p>\n<h4 style=\"font-weight: 400;\"><strong>Syskonf\u00f6rtur<\/strong><\/h4>\n<p style=\"font-weight: 400;\">Tomtebo till\u00e4mpar syskonf\u00f6rtur. Detta inneb\u00e4r att om man har ett \u00e4ldre syskon p\u00e5 f\u00f6rskolan s\u00e5 f\u00e5r man f\u00f6rtur i k\u00f6n till intagning f\u00f6r kommande syskon. Syskon m\u00e5ste registreras via ans\u00f6kningsformul\u00e4r p\u00e5 Tomtebos hemsida efter f\u00f6dsel s\u00e5 att barnet kommer in i k\u00f6lista och att f\u00f6rskolan f\u00e5r information om \u00f6nskat startdatum. Dock \u00e4r \u00f6nskat startdatum inte en garanti utan startdatum tilldelas utifr\u00e5n verksamhetens kapacitet, resurser och befintliga barngrupper. Verksamhetschef tillsammans med intagningsansvarig ansvarar f\u00f6r planering av platsf\u00f6rdelning samt startdatum.<\/p>\n","protected":false},"excerpt":{"rendered":"<p>Vi gillar att vara en del av v\u00e5ra barns vardag p\u00e5 f\u00f6rskolan! Varf\u00f6r v\u00e4lja Montessorif\u00f6rskolan Tomtebobarnen? Relationsbyggande: vi bygger starka relationer till [&hellip;]<\/p>\n","protected":false},"author":1,"featured_media":0,"parent":0,"menu_order":0,"comment_status":"closed","ping_status":"closed","template":"page-templates\/page_fullwidth.php","meta":{"footnotes":""},"_links":{"self":[{"href":"https:\/\/www.tomtebobarnen.se\/index.php\/wp-json\/wp\/v2\/pages\/404"}],"collection":[{"href":"https:\/\/www.tomtebobarnen.se\/index.php\/wp-json\/wp\/v2\/pages"}],"about":[{"href":"https:\/\/www.tomtebobarnen.se\/index.php\/wp-json\/wp\/v2\/types\/page"}],"author":[{"embeddable":true,"href":"https:\/\/www.tomtebobarnen.se\/index.php\/wp-json\/wp\/v2\/users\/1"}],"replies":[{"embeddable":true,"href":"https:\/\/www.tomtebobarnen.se\/index.php\/wp-json\/wp\/v2\/comments?post=404"}],"version-history":[{"count":6,"href":"https:\/\/www.tomtebobarnen.se\/index.php\/wp-json\/wp\/v2\/pages\/404\/revisions"}],"predecessor-version":[{"id":480,"href":"https:\/\/www.tomtebobarnen.se\/index.php\/wp-json\/wp\/v2\/pages\/404\/revisions\/480"}],"wp:attachment":[{"href":"https:\/\/www.tomtebobarnen.se\/index.php\/wp-json\/wp\/v2\/media?parent=404"}],"curies":[{"name":"wp","href":"https:\/\/api.w.org\/{rel}","templated":true}]}}